{"id":4655,"date":"2022-11-29T04:31:11","date_gmt":"2022-11-29T03:31:11","guid":{"rendered":"https:\/\/vondelmolen.be\/a-propos-de-nous\/duurzaamheid\/"},"modified":"2024-07-10T15:37:16","modified_gmt":"2024-07-10T14:37:16","slug":"durabilite","status":"publish","type":"page","link":"https:\/\/www.vondelmolen.be\/fr\/a-propos-de-nous\/durabilite\/","title":{"rendered":"Durabilit\u00e9"},"content":{"rendered":"<h1>Ensemble pour un monde meilleur<\/h1>\n<p>Oui, notre objectif est de produire pour vous le meilleur des pains d\u2019\u00e9pices. Mais pas au prix de notre avenir \u00e0 toutes et tous. La durabilit\u00e9 est inscrite dans l\u2019ADN de Vondelmolen. Depuis nos d\u00e9buts, nous trouvons logique de songer \u00e0 l\u2019impact de notre entreprise sur notre environnement. Mais nous ne pensons pas qu\u2019\u00e0 la Nature. Nous tenons \u00e9galement compte de nos voisins et de nos collaborateurs, par exemple. C\u2019est pourquoi, dans les ann\u00e9es 1930, nos collaborateurs vivaient dans les maisons qui se trouvaient autour de l\u2019usine. Chaque jardin \u00e9tait dot\u00e9 d\u2019un noyer, dont la production permettait de payer le loyer pendant un an.<\/p>\n<p>Comme nous faisons constamment le choix de solutions durables, nous sommes depuis 2005 laur\u00e9ats de la charte \u00ab Duurzaam Ondernemen \u00bb du Voka. Par ailleurs, notre entreprise est \u00e9galement neutre en CO2 depuis 2017.<\/p>\n","protected":false},"excerpt":{"rendered":"<p>Ensemble pour un monde meilleur Oui, notre objectif est de produire pour vous le meilleur des pains d\u2019\u00e9pices. Mais pas&#8230;<\/p>\n","protected":false},"author":1,"featured_media":0,"parent":579,"menu_order":0,"comment_status":"closed","ping_status":"closed","template":"","meta":{"_acf_changed":false,"inline_featured_image":false,"footnotes":""},"class_list":["post-4655","page","type-page","status-publish","hentry"],"acf":[],"yoast_head":"<!-- This site is optimized with the Yoast SEO plugin v27.0 - https:\/\/yoast.com\/product\/yoast-seo-wordpress\/ -->\n<title>Durabilit\u00e9 - Vondelmolen<\/title>\n<meta name=\"robots\" content=\"index, follow, max-snippet:-1, max-image-preview:large, max-video-preview:-1\" \/>\n<link rel=\"canonical\" href=\"https:\/\/www.vondelmolen.be\/fr\/a-propos-de-nous\/durabilite\/\" \/>\n<meta property=\"og:locale\" content=\"fr_FR\" \/>\n<meta property=\"og:type\" content=\"article\" \/>\n<meta property=\"og:title\" content=\"Durabilit\u00e9 - Vondelmolen\" \/>\n<meta property=\"og:description\" content=\"Ensemble pour un monde meilleur Oui, notre objectif est de produire pour vous le meilleur des pains d\u2019\u00e9pices. Mais pas...\" \/>\n<meta property=\"og:url\" content=\"https:\/\/www.vondelmolen.be\/fr\/a-propos-de-nous\/durabilite\/\" \/>\n<meta property=\"og:site_name\" content=\"Vondelmolen\" \/>\n<meta property=\"article:publisher\" content=\"https:\/\/www.facebook.com\/vondelmolen\" \/>\n<meta property=\"article:modified_time\" content=\"2024-07-10T14:37:16+00:00\" \/>\n<meta name=\"twitter:card\" content=\"summary_large_image\" \/>\n<meta name=\"twitter:label1\" content=\"Dur\u00e9e de lecture estim\u00e9e\" \/>\n\t<meta name=\"twitter:data1\" content=\"3 minutes\" \/>\n<script type=\"application\/ld+json\" class=\"yoast-schema-graph\">{\"@context\":\"https:\/\/schema.org\",\"@graph\":[{\"@type\":\"WebPage\",\"@id\":\"https:\/\/www.vondelmolen.be\/fr\/a-propos-de-nous\/durabilite\/\",\"url\":\"https:\/\/www.vondelmolen.be\/fr\/a-propos-de-nous\/durabilite\/\",\"name\":\"Durabilit\u00e9 - Vondelmolen\",\"isPartOf\":{\"@id\":\"https:\/\/www.vondelmolen.be\/fr\/#website\"},\"datePublished\":\"2022-11-29T03:31:11+00:00\",\"dateModified\":\"2024-07-10T14:37:16+00:00\",\"breadcrumb\":{\"@id\":\"https:\/\/www.vondelmolen.be\/fr\/a-propos-de-nous\/durabilite\/#breadcrumb\"},\"inLanguage\":\"fr-FR\",\"potentialAction\":[{\"@type\":\"ReadAction\",\"target\":[\"https:\/\/www.vondelmolen.be\/fr\/a-propos-de-nous\/durabilite\/\"]}]},{\"@type\":\"BreadcrumbList\",\"@id\":\"https:\/\/www.vondelmolen.be\/fr\/a-propos-de-nous\/durabilite\/#breadcrumb\",\"itemListElement\":[{\"@type\":\"ListItem\",\"position\":1,\"name\":\"Home\",\"item\":\"https:\/\/www.vondelmolen.be\/fr\/\"},{\"@type\":\"ListItem\",\"position\":2,\"name\":\"A propos de nous\",\"item\":\"https:\/\/www.vondelmolen.be\/fr\/a-propos-de-nous\/\"},{\"@type\":\"ListItem\",\"position\":3,\"name\":\"Durabilit\u00e9\"}]},{\"@type\":\"WebSite\",\"@id\":\"https:\/\/www.vondelmolen.be\/fr\/#website\",\"url\":\"https:\/\/www.vondelmolen.be\/fr\/\",\"name\":\"Vondelmolen\",\"description\":\"Grootste producent van peperkoek in Belgi\u00eb\",\"publisher\":{\"@id\":\"https:\/\/www.vondelmolen.be\/fr\/#organization\"},\"potentialAction\":[{\"@type\":\"SearchAction\",\"target\":{\"@type\":\"EntryPoint\",\"urlTemplate\":\"https:\/\/www.vondelmolen.be\/fr\/?s={search_term_string}\"},\"query-input\":{\"@type\":\"PropertyValueSpecification\",\"valueRequired\":true,\"valueName\":\"search_term_string\"}}],\"inLanguage\":\"fr-FR\"},{\"@type\":\"Organization\",\"@id\":\"https:\/\/www.vondelmolen.be\/fr\/#organization\",\"name\":\"Vondelmolen\",\"url\":\"https:\/\/www.vondelmolen.be\/fr\/\",\"logo\":{\"@type\":\"ImageObject\",\"inLanguage\":\"fr-FR\",\"@id\":\"https:\/\/www.vondelmolen.be\/fr\/#\/schema\/logo\/image\/\",\"url\":\"https:\/\/vondelmolen.be\/wp-content\/uploads\/2022\/09\/Group-2.png\",\"contentUrl\":\"https:\/\/vondelmolen.be\/wp-content\/uploads\/2022\/09\/Group-2.png\",\"width\":193,\"height\":44,\"caption\":\"Vondelmolen\"},\"image\":{\"@id\":\"https:\/\/www.vondelmolen.be\/fr\/#\/schema\/logo\/image\/\"},\"sameAs\":[\"https:\/\/www.facebook.com\/vondelmolen\",\"https:\/\/www.instagram.com\/vondelmolen\/\"]}]}<\/script>\n<!-- \/ Yoast SEO plugin. -->","yoast_head_json":{"title":"Durabilit\u00e9 - Vondelmolen","robots":{"index":"index","follow":"follow","max-snippet":"max-snippet:-1","max-image-preview":"max-image-preview:large","max-video-preview":"max-video-preview:-1"},"canonical":"https:\/\/www.vondelmolen.be\/fr\/a-propos-de-nous\/durabilite\/","og_locale":"fr_FR","og_type":"article","og_title":"Durabilit\u00e9 - Vondelmolen","og_description":"Ensemble pour un monde meilleur Oui, notre objectif est de produire pour vous le meilleur des pains d\u2019\u00e9pices. Mais pas...","og_url":"https:\/\/www.vondelmolen.be\/fr\/a-propos-de-nous\/durabilite\/","og_site_name":"Vondelmolen","article_publisher":"https:\/\/www.facebook.com\/vondelmolen","article_modified_time":"2024-07-10T14:37:16+00:00","twitter_card":"summary_large_image","twitter_misc":{"Dur\u00e9e de lecture estim\u00e9e":"3 minutes"},"schema":{"@context":"https:\/\/schema.org","@graph":[{"@type":"WebPage","@id":"https:\/\/www.vondelmolen.be\/fr\/a-propos-de-nous\/durabilite\/","url":"https:\/\/www.vondelmolen.be\/fr\/a-propos-de-nous\/durabilite\/","name":"Durabilit\u00e9 - Vondelmolen","isPartOf":{"@id":"https:\/\/www.vondelmolen.be\/fr\/#website"},"datePublished":"2022-11-29T03:31:11+00:00","dateModified":"2024-07-10T14:37:16+00:00","breadcrumb":{"@id":"https:\/\/www.vondelmolen.be\/fr\/a-propos-de-nous\/durabilite\/#breadcrumb"},"inLanguage":"fr-FR","potentialAction":[{"@type":"ReadAction","target":["https:\/\/www.vondelmolen.be\/fr\/a-propos-de-nous\/durabilite\/"]}]},{"@type":"BreadcrumbList","@id":"https:\/\/www.vondelmolen.be\/fr\/a-propos-de-nous\/durabilite\/#breadcrumb","itemListElement":[{"@type":"ListItem","position":1,"name":"Home","item":"https:\/\/www.vondelmolen.be\/fr\/"},{"@type":"ListItem","position":2,"name":"A propos de nous","item":"https:\/\/www.vondelmolen.be\/fr\/a-propos-de-nous\/"},{"@type":"ListItem","position":3,"name":"Durabilit\u00e9"}]},{"@type":"WebSite","@id":"https:\/\/www.vondelmolen.be\/fr\/#website","url":"https:\/\/www.vondelmolen.be\/fr\/","name":"Vondelmolen","description":"Grootste producent van peperkoek in Belgi\u00eb","publisher":{"@id":"https:\/\/www.vondelmolen.be\/fr\/#organization"},"potentialAction":[{"@type":"SearchAction","target":{"@type":"EntryPoint","urlTemplate":"https:\/\/www.vondelmolen.be\/fr\/?s={search_term_string}"},"query-input":{"@type":"PropertyValueSpecification","valueRequired":true,"valueName":"search_term_string"}}],"inLanguage":"fr-FR"},{"@type":"Organization","@id":"https:\/\/www.vondelmolen.be\/fr\/#organization","name":"Vondelmolen","url":"https:\/\/www.vondelmolen.be\/fr\/","logo":{"@type":"ImageObject","inLanguage":"fr-FR","@id":"https:\/\/www.vondelmolen.be\/fr\/#\/schema\/logo\/image\/","url":"https:\/\/vondelmolen.be\/wp-content\/uploads\/2022\/09\/Group-2.png","contentUrl":"https:\/\/vondelmolen.be\/wp-content\/uploads\/2022\/09\/Group-2.png","width":193,"height":44,"caption":"Vondelmolen"},"image":{"@id":"https:\/\/www.vondelmolen.be\/fr\/#\/schema\/logo\/image\/"},"sameAs":["https:\/\/www.facebook.com\/vondelmolen","https:\/\/www.instagram.com\/vondelmolen\/"]}]}},"_links":{"self":[{"href":"https:\/\/www.vondelmolen.be\/fr\/wp-json\/wp\/v2\/pages\/4655","targetHints":{"allow":["GET"]}}],"collection":[{"href":"https:\/\/www.vondelmolen.be\/fr\/wp-json\/wp\/v2\/pages"}],"about":[{"href":"https:\/\/www.vondelmolen.be\/fr\/wp-json\/wp\/v2\/types\/page"}],"author":[{"embeddable":true,"href":"https:\/\/www.vondelmolen.be\/fr\/wp-json\/wp\/v2\/users\/1"}],"replies":[{"embeddable":true,"href":"https:\/\/www.vondelmolen.be\/fr\/wp-json\/wp\/v2\/comments?post=4655"}],"version-history":[{"count":5,"href":"https:\/\/www.vondelmolen.be\/fr\/wp-json\/wp\/v2\/pages\/4655\/revisions"}],"predecessor-version":[{"id":5529,"href":"https:\/\/www.vondelmolen.be\/fr\/wp-json\/wp\/v2\/pages\/4655\/revisions\/5529"}],"up":[{"embeddable":true,"href":"https:\/\/www.vondelmolen.be\/fr\/wp-json\/wp\/v2\/pages\/579"}],"wp:attachment":[{"href":"https:\/\/www.vondelmolen.be\/fr\/wp-json\/wp\/v2\/media?parent=4655"}],"curies":[{"name":"wp","href":"https:\/\/api.w.org\/{rel}","templated":true}]}}