{"id":4745,"date":"2022-09-19T16:27:07","date_gmt":"2022-09-19T14:27:07","guid":{"rendered":"https:\/\/vondelmolen.be\/?page_id=4745"},"modified":"2022-12-12T14:33:23","modified_gmt":"2022-12-12T12:33:23","slug":"tout-sur-le-pain-d-epices","status":"publish","type":"page","link":"https:\/\/www.vondelmolen.be\/fr\/tout-sur-le-pain-d-epices\/","title":{"rendered":"Tout sur le pain d\u2019\u00e9pices"},"content":{"rendered":"<h1>Votre d\u00e9licieuse source d\u2019\u00e9nergie<\/h1>\n<p>Au cours de ses 150 ann\u00e9es d\u2019histoire, Vondelmolen est devenu le plus grand fabricant de pain d\u2019\u00e9pices de Belgique. Nous utilisons principalement des ingr\u00e9dients naturels pour pr\u00e9parer notre pain d\u2019\u00e9pices. Il contient des sucres rapides et des sucres lents qui vous donnent de l\u2019\u00e9nergie imm\u00e9diatement et pour longtemps. Id\u00e9al pour vous donner un petit coup de pouce quand vous en avez besoin. C\u2019est ce que nous appelons la d\u00e9licieuse force de la nature.<\/p>\n","protected":false},"excerpt":{"rendered":"<p>Votre d\u00e9licieuse source d\u2019\u00e9nergie Au cours de ses 150 ann\u00e9es d\u2019histoire, Vondelmolen est devenu le plus grand fabricant de pain&#8230;<\/p>\n","protected":false},"author":5,"featured_media":0,"parent":0,"menu_order":0,"comment_status":"closed","ping_status":"closed","template":"","meta":{"_acf_changed":false,"inline_featured_image":false,"footnotes":""},"class_list":["post-4745","page","type-page","status-publish","hentry"],"acf":[],"yoast_head":"<!-- This site is optimized with the Yoast SEO plugin v27.0 - https:\/\/yoast.com\/product\/yoast-seo-wordpress\/ -->\n<title>Tout sur le pain d\u2019\u00e9pices - Vondelmolen<\/title>\n<meta name=\"robots\" content=\"index, follow, max-snippet:-1, max-image-preview:large, max-video-preview:-1\" \/>\n<link rel=\"canonical\" href=\"https:\/\/www.vondelmolen.be\/fr\/tout-sur-le-pain-d-epices\/\" \/>\n<meta property=\"og:locale\" content=\"fr_FR\" \/>\n<meta property=\"og:type\" content=\"article\" \/>\n<meta property=\"og:title\" content=\"Tout sur le pain d\u2019\u00e9pices - Vondelmolen\" \/>\n<meta property=\"og:description\" content=\"Votre d\u00e9licieuse source d\u2019\u00e9nergie Au cours de ses 150 ann\u00e9es d\u2019histoire, Vondelmolen est devenu le plus grand fabricant de pain...\" \/>\n<meta property=\"og:url\" content=\"https:\/\/www.vondelmolen.be\/fr\/tout-sur-le-pain-d-epices\/\" \/>\n<meta property=\"og:site_name\" content=\"Vondelmolen\" \/>\n<meta property=\"article:publisher\" content=\"https:\/\/www.facebook.com\/vondelmolen\" \/>\n<meta property=\"article:modified_time\" content=\"2022-12-12T12:33:23+00:00\" \/>\n<meta name=\"twitter:card\" content=\"summary_large_image\" \/>\n<meta name=\"twitter:label1\" content=\"Dur\u00e9e de lecture estim\u00e9e\" \/>\n\t<meta name=\"twitter:data1\" content=\"1 minute\" \/>\n<script type=\"application\/ld+json\" class=\"yoast-schema-graph\">{\"@context\":\"https:\/\/schema.org\",\"@graph\":[{\"@type\":\"WebPage\",\"@id\":\"https:\/\/www.vondelmolen.be\/fr\/tout-sur-le-pain-d-epices\/\",\"url\":\"https:\/\/www.vondelmolen.be\/fr\/tout-sur-le-pain-d-epices\/\",\"name\":\"Tout sur le pain d\u2019\u00e9pices - Vondelmolen\",\"isPartOf\":{\"@id\":\"https:\/\/www.vondelmolen.be\/fr\/#website\"},\"datePublished\":\"2022-09-19T14:27:07+00:00\",\"dateModified\":\"2022-12-12T12:33:23+00:00\",\"breadcrumb\":{\"@id\":\"https:\/\/www.vondelmolen.be\/fr\/tout-sur-le-pain-d-epices\/#breadcrumb\"},\"inLanguage\":\"fr-FR\",\"potentialAction\":[{\"@type\":\"ReadAction\",\"target\":[\"https:\/\/www.vondelmolen.be\/fr\/tout-sur-le-pain-d-epices\/\"]}]},{\"@type\":\"BreadcrumbList\",\"@id\":\"https:\/\/www.vondelmolen.be\/fr\/tout-sur-le-pain-d-epices\/#breadcrumb\",\"itemListElement\":[{\"@type\":\"ListItem\",\"position\":1,\"name\":\"Home\",\"item\":\"https:\/\/www.vondelmolen.be\/fr\/\"},{\"@type\":\"ListItem\",\"position\":2,\"name\":\"Tout sur le pain d\u2019\u00e9pices\"}]},{\"@type\":\"WebSite\",\"@id\":\"https:\/\/www.vondelmolen.be\/fr\/#website\",\"url\":\"https:\/\/www.vondelmolen.be\/fr\/\",\"name\":\"Vondelmolen\",\"description\":\"Grootste producent van peperkoek in Belgi\u00eb\",\"publisher\":{\"@id\":\"https:\/\/www.vondelmolen.be\/fr\/#organization\"},\"potentialAction\":[{\"@type\":\"SearchAction\",\"target\":{\"@type\":\"EntryPoint\",\"urlTemplate\":\"https:\/\/www.vondelmolen.be\/fr\/?s={search_term_string}\"},\"query-input\":{\"@type\":\"PropertyValueSpecification\",\"valueRequired\":true,\"valueName\":\"search_term_string\"}}],\"inLanguage\":\"fr-FR\"},{\"@type\":\"Organization\",\"@id\":\"https:\/\/www.vondelmolen.be\/fr\/#organization\",\"name\":\"Vondelmolen\",\"url\":\"https:\/\/www.vondelmolen.be\/fr\/\",\"logo\":{\"@type\":\"ImageObject\",\"inLanguage\":\"fr-FR\",\"@id\":\"https:\/\/www.vondelmolen.be\/fr\/#\/schema\/logo\/image\/\",\"url\":\"https:\/\/vondelmolen.be\/wp-content\/uploads\/2022\/09\/Group-2.png\",\"contentUrl\":\"https:\/\/vondelmolen.be\/wp-content\/uploads\/2022\/09\/Group-2.png\",\"width\":193,\"height\":44,\"caption\":\"Vondelmolen\"},\"image\":{\"@id\":\"https:\/\/www.vondelmolen.be\/fr\/#\/schema\/logo\/image\/\"},\"sameAs\":[\"https:\/\/www.facebook.com\/vondelmolen\",\"https:\/\/www.instagram.com\/vondelmolen\/\"]}]}<\/script>\n<!-- \/ Yoast SEO plugin. -->","yoast_head_json":{"title":"Tout sur le pain d\u2019\u00e9pices - Vondelmolen","robots":{"index":"index","follow":"follow","max-snippet":"max-snippet:-1","max-image-preview":"max-image-preview:large","max-video-preview":"max-video-preview:-1"},"canonical":"https:\/\/www.vondelmolen.be\/fr\/tout-sur-le-pain-d-epices\/","og_locale":"fr_FR","og_type":"article","og_title":"Tout sur le pain d\u2019\u00e9pices - Vondelmolen","og_description":"Votre d\u00e9licieuse source d\u2019\u00e9nergie Au cours de ses 150 ann\u00e9es d\u2019histoire, Vondelmolen est devenu le plus grand fabricant de pain...","og_url":"https:\/\/www.vondelmolen.be\/fr\/tout-sur-le-pain-d-epices\/","og_site_name":"Vondelmolen","article_publisher":"https:\/\/www.facebook.com\/vondelmolen","article_modified_time":"2022-12-12T12:33:23+00:00","twitter_card":"summary_large_image","twitter_misc":{"Dur\u00e9e de lecture estim\u00e9e":"1 minute"},"schema":{"@context":"https:\/\/schema.org","@graph":[{"@type":"WebPage","@id":"https:\/\/www.vondelmolen.be\/fr\/tout-sur-le-pain-d-epices\/","url":"https:\/\/www.vondelmolen.be\/fr\/tout-sur-le-pain-d-epices\/","name":"Tout sur le pain d\u2019\u00e9pices - Vondelmolen","isPartOf":{"@id":"https:\/\/www.vondelmolen.be\/fr\/#website"},"datePublished":"2022-09-19T14:27:07+00:00","dateModified":"2022-12-12T12:33:23+00:00","breadcrumb":{"@id":"https:\/\/www.vondelmolen.be\/fr\/tout-sur-le-pain-d-epices\/#breadcrumb"},"inLanguage":"fr-FR","potentialAction":[{"@type":"ReadAction","target":["https:\/\/www.vondelmolen.be\/fr\/tout-sur-le-pain-d-epices\/"]}]},{"@type":"BreadcrumbList","@id":"https:\/\/www.vondelmolen.be\/fr\/tout-sur-le-pain-d-epices\/#breadcrumb","itemListElement":[{"@type":"ListItem","position":1,"name":"Home","item":"https:\/\/www.vondelmolen.be\/fr\/"},{"@type":"ListItem","position":2,"name":"Tout sur le pain d\u2019\u00e9pices"}]},{"@type":"WebSite","@id":"https:\/\/www.vondelmolen.be\/fr\/#website","url":"https:\/\/www.vondelmolen.be\/fr\/","name":"Vondelmolen","description":"Grootste producent van peperkoek in Belgi\u00eb","publisher":{"@id":"https:\/\/www.vondelmolen.be\/fr\/#organization"},"potentialAction":[{"@type":"SearchAction","target":{"@type":"EntryPoint","urlTemplate":"https:\/\/www.vondelmolen.be\/fr\/?s={search_term_string}"},"query-input":{"@type":"PropertyValueSpecification","valueRequired":true,"valueName":"search_term_string"}}],"inLanguage":"fr-FR"},{"@type":"Organization","@id":"https:\/\/www.vondelmolen.be\/fr\/#organization","name":"Vondelmolen","url":"https:\/\/www.vondelmolen.be\/fr\/","logo":{"@type":"ImageObject","inLanguage":"fr-FR","@id":"https:\/\/www.vondelmolen.be\/fr\/#\/schema\/logo\/image\/","url":"https:\/\/vondelmolen.be\/wp-content\/uploads\/2022\/09\/Group-2.png","contentUrl":"https:\/\/vondelmolen.be\/wp-content\/uploads\/2022\/09\/Group-2.png","width":193,"height":44,"caption":"Vondelmolen"},"image":{"@id":"https:\/\/www.vondelmolen.be\/fr\/#\/schema\/logo\/image\/"},"sameAs":["https:\/\/www.facebook.com\/vondelmolen","https:\/\/www.instagram.com\/vondelmolen\/"]}]}},"_links":{"self":[{"href":"https:\/\/www.vondelmolen.be\/fr\/wp-json\/wp\/v2\/pages\/4745","targetHints":{"allow":["GET"]}}],"collection":[{"href":"https:\/\/www.vondelmolen.be\/fr\/wp-json\/wp\/v2\/pages"}],"about":[{"href":"https:\/\/www.vondelmolen.be\/fr\/wp-json\/wp\/v2\/types\/page"}],"author":[{"embeddable":true,"href":"https:\/\/www.vondelmolen.be\/fr\/wp-json\/wp\/v2\/users\/5"}],"replies":[{"embeddable":true,"href":"https:\/\/www.vondelmolen.be\/fr\/wp-json\/wp\/v2\/comments?post=4745"}],"version-history":[{"count":2,"href":"https:\/\/www.vondelmolen.be\/fr\/wp-json\/wp\/v2\/pages\/4745\/revisions"}],"predecessor-version":[{"id":4747,"href":"https:\/\/www.vondelmolen.be\/fr\/wp-json\/wp\/v2\/pages\/4745\/revisions\/4747"}],"wp:attachment":[{"href":"https:\/\/www.vondelmolen.be\/fr\/wp-json\/wp\/v2\/media?parent=4745"}],"curies":[{"name":"wp","href":"https:\/\/api.w.org\/{rel}","templated":true}]}}