{"id":598,"date":"2018-09-19T13:56:11","date_gmt":"2018-09-19T11:56:11","guid":{"rendered":"https:\/\/vondelmolen.be\/cookie-policy\/"},"modified":"2022-09-14T09:42:44","modified_gmt":"2022-09-14T07:42:44","slug":"cookie-policy","status":"publish","type":"page","link":"https:\/\/www.vondelmolen.be\/fr\/cookie-policy\/","title":{"rendered":"Cookie Policy"},"content":{"rendered":"<p><em>Derni\u00e8re mise \u00e0 jour le September 6.<\/em><\/p>\n<h2>1.\u00a0\u00a0\u00a0\u00a0 Bienvenue<\/h2>\n<p>Nous sommes Vondelmolen, une soci\u00e9t\u00e9 anonyme, \u00e9tablie \u00e0 Dendermondsesteenweg 208 9280 Lebbeke, avec num\u00e9ro d\u2019entreprise 0400 335 925.<\/p>\n<p>Dans la pr\u00e9sente Politique en mati\u00e8re de cookies, nous vous expliquons quelles informations nous pouvons collecter via notre site Internet gr\u00e2ce aux cookies et comment nous les utilisons pour am\u00e9liorer nos services.<\/p>\n<p>En utilisant notre site Internet, vous acceptez notre usage des cookies.<\/p>\n<h2>2.\u00a0\u00a0\u00a0\u00a0 Cookies<\/h2>\n<p>Un\u00a0<em>cookie<\/em>\u00a0est un petit fichier install\u00e9 temporairement par une page Internet sur votre ordinateur ou appareil mobile quand vous visitez un site Internet. Un cookie nous permet d\u2019identifier l\u2019appareil avec lequel vous visitez notre site sans que cela nous donne acc\u00e8s \u00e0 vos donn\u00e9es personnelles.<\/p>\n<p>Les cookies sont faciles \u00e0 supprimer via les r\u00e9glages de votre navigateur. Vous pouvez param\u00e9trer votre navigateur de mani\u00e8re \u00e0 ce qu\u2019il refuse syst\u00e9matiquement les cookies. Cependant, cela peut g\u00eaner l\u2019utilisation de notre site Internet ou emp\u00eacher l\u2019acc\u00e8s \u00e0 certaines fonctionnalit\u00e9s.<\/p>\n<p><script type=\"text\/javascript\" charset=\"UTF-8\" data-cookiescriptreport=\"report\" src=\"\/\/report.cookie-script.com\/r\/de535446cdbfc431565060b93cd93c5b.js\"><\/script><\/p>\n","protected":false},"excerpt":{"rendered":"<p>Derni\u00e8re mise \u00e0 jour le September 6. 1.\u00a0\u00a0\u00a0\u00a0 Bienvenue Nous sommes Vondelmolen, une soci\u00e9t\u00e9 anonyme, \u00e9tablie \u00e0 Dendermondsesteenweg 208 9280&#8230;<\/p>\n","protected":false},"author":1,"featured_media":0,"parent":0,"menu_order":0,"comment_status":"closed","ping_status":"closed","template":"","meta":{"_acf_changed":false,"inline_featured_image":false,"footnotes":""},"class_list":["post-598","page","type-page","status-publish","hentry"],"acf":[],"yoast_head":"<!-- This site is optimized with the Yoast SEO plugin v27.0 - https:\/\/yoast.com\/product\/yoast-seo-wordpress\/ -->\n<title>Cookie Policy - Vondelmolen<\/title>\n<meta name=\"robots\" content=\"index, follow, max-snippet:-1, max-image-preview:large, max-video-preview:-1\" \/>\n<link rel=\"canonical\" href=\"https:\/\/www.vondelmolen.be\/fr\/cookie-policy\/\" \/>\n<meta property=\"og:locale\" content=\"fr_FR\" \/>\n<meta property=\"og:type\" content=\"article\" \/>\n<meta property=\"og:title\" content=\"Cookie Policy - Vondelmolen\" \/>\n<meta property=\"og:description\" content=\"Derni\u00e8re mise \u00e0 jour le September 6. 1.\u00a0\u00a0\u00a0\u00a0 Bienvenue Nous sommes Vondelmolen, une soci\u00e9t\u00e9 anonyme, \u00e9tablie \u00e0 Dendermondsesteenweg 208 9280...\" \/>\n<meta property=\"og:url\" content=\"https:\/\/www.vondelmolen.be\/fr\/cookie-policy\/\" \/>\n<meta property=\"og:site_name\" content=\"Vondelmolen\" \/>\n<meta property=\"article:publisher\" content=\"https:\/\/www.facebook.com\/vondelmolen\" \/>\n<meta property=\"article:modified_time\" content=\"2022-09-14T07:42:44+00:00\" \/>\n<meta name=\"twitter:card\" content=\"summary_large_image\" \/>\n<meta name=\"twitter:label1\" content=\"Dur\u00e9e de lecture estim\u00e9e\" \/>\n\t<meta name=\"twitter:data1\" content=\"1 minute\" \/>\n<script type=\"application\/ld+json\" class=\"yoast-schema-graph\">{\"@context\":\"https:\/\/schema.org\",\"@graph\":[{\"@type\":\"WebPage\",\"@id\":\"https:\/\/www.vondelmolen.be\/fr\/cookie-policy\/\",\"url\":\"https:\/\/www.vondelmolen.be\/fr\/cookie-policy\/\",\"name\":\"Cookie Policy - Vondelmolen\",\"isPartOf\":{\"@id\":\"https:\/\/www.vondelmolen.be\/fr\/#website\"},\"datePublished\":\"2018-09-19T11:56:11+00:00\",\"dateModified\":\"2022-09-14T07:42:44+00:00\",\"breadcrumb\":{\"@id\":\"https:\/\/www.vondelmolen.be\/fr\/cookie-policy\/#breadcrumb\"},\"inLanguage\":\"fr-FR\",\"potentialAction\":[{\"@type\":\"ReadAction\",\"target\":[\"https:\/\/www.vondelmolen.be\/fr\/cookie-policy\/\"]}]},{\"@type\":\"BreadcrumbList\",\"@id\":\"https:\/\/www.vondelmolen.be\/fr\/cookie-policy\/#breadcrumb\",\"itemListElement\":[{\"@type\":\"ListItem\",\"position\":1,\"name\":\"Home\",\"item\":\"https:\/\/www.vondelmolen.be\/fr\/\"},{\"@type\":\"ListItem\",\"position\":2,\"name\":\"Cookie Policy\"}]},{\"@type\":\"WebSite\",\"@id\":\"https:\/\/www.vondelmolen.be\/fr\/#website\",\"url\":\"https:\/\/www.vondelmolen.be\/fr\/\",\"name\":\"Vondelmolen\",\"description\":\"Grootste producent van peperkoek in Belgi\u00eb\",\"publisher\":{\"@id\":\"https:\/\/www.vondelmolen.be\/fr\/#organization\"},\"potentialAction\":[{\"@type\":\"SearchAction\",\"target\":{\"@type\":\"EntryPoint\",\"urlTemplate\":\"https:\/\/www.vondelmolen.be\/fr\/?s={search_term_string}\"},\"query-input\":{\"@type\":\"PropertyValueSpecification\",\"valueRequired\":true,\"valueName\":\"search_term_string\"}}],\"inLanguage\":\"fr-FR\"},{\"@type\":\"Organization\",\"@id\":\"https:\/\/www.vondelmolen.be\/fr\/#organization\",\"name\":\"Vondelmolen\",\"url\":\"https:\/\/www.vondelmolen.be\/fr\/\",\"logo\":{\"@type\":\"ImageObject\",\"inLanguage\":\"fr-FR\",\"@id\":\"https:\/\/www.vondelmolen.be\/fr\/#\/schema\/logo\/image\/\",\"url\":\"https:\/\/vondelmolen.be\/wp-content\/uploads\/2022\/09\/Group-2.png\",\"contentUrl\":\"https:\/\/vondelmolen.be\/wp-content\/uploads\/2022\/09\/Group-2.png\",\"width\":193,\"height\":44,\"caption\":\"Vondelmolen\"},\"image\":{\"@id\":\"https:\/\/www.vondelmolen.be\/fr\/#\/schema\/logo\/image\/\"},\"sameAs\":[\"https:\/\/www.facebook.com\/vondelmolen\",\"https:\/\/www.instagram.com\/vondelmolen\/\"]}]}<\/script>\n<!-- \/ Yoast SEO plugin. -->","yoast_head_json":{"title":"Cookie Policy - Vondelmolen","robots":{"index":"index","follow":"follow","max-snippet":"max-snippet:-1","max-image-preview":"max-image-preview:large","max-video-preview":"max-video-preview:-1"},"canonical":"https:\/\/www.vondelmolen.be\/fr\/cookie-policy\/","og_locale":"fr_FR","og_type":"article","og_title":"Cookie Policy - Vondelmolen","og_description":"Derni\u00e8re mise \u00e0 jour le September 6. 1.\u00a0\u00a0\u00a0\u00a0 Bienvenue Nous sommes Vondelmolen, une soci\u00e9t\u00e9 anonyme, \u00e9tablie \u00e0 Dendermondsesteenweg 208 9280...","og_url":"https:\/\/www.vondelmolen.be\/fr\/cookie-policy\/","og_site_name":"Vondelmolen","article_publisher":"https:\/\/www.facebook.com\/vondelmolen","article_modified_time":"2022-09-14T07:42:44+00:00","twitter_card":"summary_large_image","twitter_misc":{"Dur\u00e9e de lecture estim\u00e9e":"1 minute"},"schema":{"@context":"https:\/\/schema.org","@graph":[{"@type":"WebPage","@id":"https:\/\/www.vondelmolen.be\/fr\/cookie-policy\/","url":"https:\/\/www.vondelmolen.be\/fr\/cookie-policy\/","name":"Cookie Policy - Vondelmolen","isPartOf":{"@id":"https:\/\/www.vondelmolen.be\/fr\/#website"},"datePublished":"2018-09-19T11:56:11+00:00","dateModified":"2022-09-14T07:42:44+00:00","breadcrumb":{"@id":"https:\/\/www.vondelmolen.be\/fr\/cookie-policy\/#breadcrumb"},"inLanguage":"fr-FR","potentialAction":[{"@type":"ReadAction","target":["https:\/\/www.vondelmolen.be\/fr\/cookie-policy\/"]}]},{"@type":"BreadcrumbList","@id":"https:\/\/www.vondelmolen.be\/fr\/cookie-policy\/#breadcrumb","itemListElement":[{"@type":"ListItem","position":1,"name":"Home","item":"https:\/\/www.vondelmolen.be\/fr\/"},{"@type":"ListItem","position":2,"name":"Cookie Policy"}]},{"@type":"WebSite","@id":"https:\/\/www.vondelmolen.be\/fr\/#website","url":"https:\/\/www.vondelmolen.be\/fr\/","name":"Vondelmolen","description":"Grootste producent van peperkoek in Belgi\u00eb","publisher":{"@id":"https:\/\/www.vondelmolen.be\/fr\/#organization"},"potentialAction":[{"@type":"SearchAction","target":{"@type":"EntryPoint","urlTemplate":"https:\/\/www.vondelmolen.be\/fr\/?s={search_term_string}"},"query-input":{"@type":"PropertyValueSpecification","valueRequired":true,"valueName":"search_term_string"}}],"inLanguage":"fr-FR"},{"@type":"Organization","@id":"https:\/\/www.vondelmolen.be\/fr\/#organization","name":"Vondelmolen","url":"https:\/\/www.vondelmolen.be\/fr\/","logo":{"@type":"ImageObject","inLanguage":"fr-FR","@id":"https:\/\/www.vondelmolen.be\/fr\/#\/schema\/logo\/image\/","url":"https:\/\/vondelmolen.be\/wp-content\/uploads\/2022\/09\/Group-2.png","contentUrl":"https:\/\/vondelmolen.be\/wp-content\/uploads\/2022\/09\/Group-2.png","width":193,"height":44,"caption":"Vondelmolen"},"image":{"@id":"https:\/\/www.vondelmolen.be\/fr\/#\/schema\/logo\/image\/"},"sameAs":["https:\/\/www.facebook.com\/vondelmolen","https:\/\/www.instagram.com\/vondelmolen\/"]}]}},"_links":{"self":[{"href":"https:\/\/www.vondelmolen.be\/fr\/wp-json\/wp\/v2\/pages\/598","targetHints":{"allow":["GET"]}}],"collection":[{"href":"https:\/\/www.vondelmolen.be\/fr\/wp-json\/wp\/v2\/pages"}],"about":[{"href":"https:\/\/www.vondelmolen.be\/fr\/wp-json\/wp\/v2\/types\/page"}],"author":[{"embeddable":true,"href":"https:\/\/www.vondelmolen.be\/fr\/wp-json\/wp\/v2\/users\/1"}],"replies":[{"embeddable":true,"href":"https:\/\/www.vondelmolen.be\/fr\/wp-json\/wp\/v2\/comments?post=598"}],"version-history":[{"count":0,"href":"https:\/\/www.vondelmolen.be\/fr\/wp-json\/wp\/v2\/pages\/598\/revisions"}],"wp:attachment":[{"href":"https:\/\/www.vondelmolen.be\/fr\/wp-json\/wp\/v2\/media?parent=598"}],"curies":[{"name":"wp","href":"https:\/\/api.w.org\/{rel}","templated":true}]}}