{"id":669,"date":"2022-09-19T16:27:07","date_gmt":"2022-09-19T14:27:07","guid":{"rendered":"https:\/\/vondelmolen.be\/?page_id=669"},"modified":"2022-12-14T12:51:11","modified_gmt":"2022-12-14T10:51:11","slug":"peperkoek-jouw-lekkere-bron-van-energie","status":"publish","type":"page","link":"https:\/\/www.vondelmolen.be\/nl\/peperkoek-jouw-lekkere-bron-van-energie\/","title":{"rendered":"Alles over peperkoek"},"content":{"rendered":"<h1>Peperkoek, jouw lekkere bron van energie<\/h1>\n<p>In meer dan 150 jaar is Vondelmolen uitgegroeid tot de grootste peperkoekbakker in Belgi\u00eb. We gebruiken vooral natuurlijke ingredi\u00ebnten om onze peperkoek te maken. Onze peperkoek bevat snelle en trage suikers die je onmiddellijk energie geven \u00e9n voor langere tijd. Ideaal wanneer je wel een duwtje in de rug kan gebruiken. Dat noemen we nu de lekkere kracht van de natuur.<\/p>\n","protected":false},"excerpt":{"rendered":"<p>Peperkoek, jouw lekkere bron van energie In meer dan 150 jaar is Vondelmolen uitgegroeid tot de grootste peperkoekbakker in Belgi\u00eb&#8230;.<\/p>\n","protected":false},"author":1,"featured_media":0,"parent":0,"menu_order":0,"comment_status":"closed","ping_status":"closed","template":"","meta":{"_acf_changed":false,"inline_featured_image":false,"footnotes":""},"class_list":["post-669","page","type-page","status-publish","hentry"],"acf":[],"yoast_head":"<!-- This site is optimized with the Yoast SEO plugin v27.0 - https:\/\/yoast.com\/product\/yoast-seo-wordpress\/ -->\n<title>Alles over peperkoek - Vondelmolen<\/title>\n<meta name=\"robots\" content=\"index, follow, max-snippet:-1, max-image-preview:large, max-video-preview:-1\" \/>\n<link rel=\"canonical\" href=\"https:\/\/www.vondelmolen.be\/nl\/peperkoek-jouw-lekkere-bron-van-energie\/\" \/>\n<meta property=\"og:locale\" content=\"nl_NL\" \/>\n<meta property=\"og:type\" content=\"article\" \/>\n<meta property=\"og:title\" content=\"Alles over peperkoek - Vondelmolen\" \/>\n<meta property=\"og:description\" content=\"Peperkoek, jouw lekkere bron van energie In meer dan 150 jaar is Vondelmolen uitgegroeid tot de grootste peperkoekbakker in Belgi\u00eb....\" \/>\n<meta property=\"og:url\" content=\"https:\/\/www.vondelmolen.be\/nl\/peperkoek-jouw-lekkere-bron-van-energie\/\" \/>\n<meta property=\"og:site_name\" content=\"Vondelmolen\" \/>\n<meta property=\"article:publisher\" content=\"https:\/\/www.facebook.com\/vondelmolen\" \/>\n<meta property=\"article:modified_time\" content=\"2022-12-14T10:51:11+00:00\" \/>\n<meta name=\"twitter:card\" content=\"summary_large_image\" \/>\n<meta name=\"twitter:label1\" content=\"Geschatte leestijd\" \/>\n\t<meta name=\"twitter:data1\" content=\"1 minuut\" \/>\n<script type=\"application\/ld+json\" class=\"yoast-schema-graph\">{\"@context\":\"https:\/\/schema.org\",\"@graph\":[{\"@type\":\"WebPage\",\"@id\":\"https:\/\/www.vondelmolen.be\/nl\/peperkoek-jouw-lekkere-bron-van-energie\/\",\"url\":\"https:\/\/www.vondelmolen.be\/nl\/peperkoek-jouw-lekkere-bron-van-energie\/\",\"name\":\"Alles over peperkoek - Vondelmolen\",\"isPartOf\":{\"@id\":\"https:\/\/www.vondelmolen.be\/nl\/#website\"},\"datePublished\":\"2022-09-19T14:27:07+00:00\",\"dateModified\":\"2022-12-14T10:51:11+00:00\",\"breadcrumb\":{\"@id\":\"https:\/\/www.vondelmolen.be\/nl\/peperkoek-jouw-lekkere-bron-van-energie\/#breadcrumb\"},\"inLanguage\":\"nl-NL\",\"potentialAction\":[{\"@type\":\"ReadAction\",\"target\":[\"https:\/\/www.vondelmolen.be\/nl\/peperkoek-jouw-lekkere-bron-van-energie\/\"]}]},{\"@type\":\"BreadcrumbList\",\"@id\":\"https:\/\/www.vondelmolen.be\/nl\/peperkoek-jouw-lekkere-bron-van-energie\/#breadcrumb\",\"itemListElement\":[{\"@type\":\"ListItem\",\"position\":1,\"name\":\"Home\",\"item\":\"https:\/\/www.vondelmolen.be\/nl\/\"},{\"@type\":\"ListItem\",\"position\":2,\"name\":\"Alles over peperkoek\"}]},{\"@type\":\"WebSite\",\"@id\":\"https:\/\/www.vondelmolen.be\/nl\/#website\",\"url\":\"https:\/\/www.vondelmolen.be\/nl\/\",\"name\":\"Vondelmolen\",\"description\":\"Grootste producent van peperkoek in Belgi\u00eb\",\"publisher\":{\"@id\":\"https:\/\/www.vondelmolen.be\/nl\/#organization\"},\"potentialAction\":[{\"@type\":\"SearchAction\",\"target\":{\"@type\":\"EntryPoint\",\"urlTemplate\":\"https:\/\/www.vondelmolen.be\/nl\/?s={search_term_string}\"},\"query-input\":{\"@type\":\"PropertyValueSpecification\",\"valueRequired\":true,\"valueName\":\"search_term_string\"}}],\"inLanguage\":\"nl-NL\"},{\"@type\":\"Organization\",\"@id\":\"https:\/\/www.vondelmolen.be\/nl\/#organization\",\"name\":\"Vondelmolen\",\"url\":\"https:\/\/www.vondelmolen.be\/nl\/\",\"logo\":{\"@type\":\"ImageObject\",\"inLanguage\":\"nl-NL\",\"@id\":\"https:\/\/www.vondelmolen.be\/nl\/#\/schema\/logo\/image\/\",\"url\":\"https:\/\/vondelmolen.be\/wp-content\/uploads\/2022\/09\/Group-2.png\",\"contentUrl\":\"https:\/\/vondelmolen.be\/wp-content\/uploads\/2022\/09\/Group-2.png\",\"width\":193,\"height\":44,\"caption\":\"Vondelmolen\"},\"image\":{\"@id\":\"https:\/\/www.vondelmolen.be\/nl\/#\/schema\/logo\/image\/\"},\"sameAs\":[\"https:\/\/www.facebook.com\/vondelmolen\",\"https:\/\/www.instagram.com\/vondelmolen\/\"]}]}<\/script>\n<!-- \/ Yoast SEO plugin. -->","yoast_head_json":{"title":"Alles over peperkoek - Vondelmolen","robots":{"index":"index","follow":"follow","max-snippet":"max-snippet:-1","max-image-preview":"max-image-preview:large","max-video-preview":"max-video-preview:-1"},"canonical":"https:\/\/www.vondelmolen.be\/nl\/peperkoek-jouw-lekkere-bron-van-energie\/","og_locale":"nl_NL","og_type":"article","og_title":"Alles over peperkoek - Vondelmolen","og_description":"Peperkoek, jouw lekkere bron van energie In meer dan 150 jaar is Vondelmolen uitgegroeid tot de grootste peperkoekbakker in Belgi\u00eb....","og_url":"https:\/\/www.vondelmolen.be\/nl\/peperkoek-jouw-lekkere-bron-van-energie\/","og_site_name":"Vondelmolen","article_publisher":"https:\/\/www.facebook.com\/vondelmolen","article_modified_time":"2022-12-14T10:51:11+00:00","twitter_card":"summary_large_image","twitter_misc":{"Geschatte leestijd":"1 minuut"},"schema":{"@context":"https:\/\/schema.org","@graph":[{"@type":"WebPage","@id":"https:\/\/www.vondelmolen.be\/nl\/peperkoek-jouw-lekkere-bron-van-energie\/","url":"https:\/\/www.vondelmolen.be\/nl\/peperkoek-jouw-lekkere-bron-van-energie\/","name":"Alles over peperkoek - Vondelmolen","isPartOf":{"@id":"https:\/\/www.vondelmolen.be\/nl\/#website"},"datePublished":"2022-09-19T14:27:07+00:00","dateModified":"2022-12-14T10:51:11+00:00","breadcrumb":{"@id":"https:\/\/www.vondelmolen.be\/nl\/peperkoek-jouw-lekkere-bron-van-energie\/#breadcrumb"},"inLanguage":"nl-NL","potentialAction":[{"@type":"ReadAction","target":["https:\/\/www.vondelmolen.be\/nl\/peperkoek-jouw-lekkere-bron-van-energie\/"]}]},{"@type":"BreadcrumbList","@id":"https:\/\/www.vondelmolen.be\/nl\/peperkoek-jouw-lekkere-bron-van-energie\/#breadcrumb","itemListElement":[{"@type":"ListItem","position":1,"name":"Home","item":"https:\/\/www.vondelmolen.be\/nl\/"},{"@type":"ListItem","position":2,"name":"Alles over peperkoek"}]},{"@type":"WebSite","@id":"https:\/\/www.vondelmolen.be\/nl\/#website","url":"https:\/\/www.vondelmolen.be\/nl\/","name":"Vondelmolen","description":"Grootste producent van peperkoek in Belgi\u00eb","publisher":{"@id":"https:\/\/www.vondelmolen.be\/nl\/#organization"},"potentialAction":[{"@type":"SearchAction","target":{"@type":"EntryPoint","urlTemplate":"https:\/\/www.vondelmolen.be\/nl\/?s={search_term_string}"},"query-input":{"@type":"PropertyValueSpecification","valueRequired":true,"valueName":"search_term_string"}}],"inLanguage":"nl-NL"},{"@type":"Organization","@id":"https:\/\/www.vondelmolen.be\/nl\/#organization","name":"Vondelmolen","url":"https:\/\/www.vondelmolen.be\/nl\/","logo":{"@type":"ImageObject","inLanguage":"nl-NL","@id":"https:\/\/www.vondelmolen.be\/nl\/#\/schema\/logo\/image\/","url":"https:\/\/vondelmolen.be\/wp-content\/uploads\/2022\/09\/Group-2.png","contentUrl":"https:\/\/vondelmolen.be\/wp-content\/uploads\/2022\/09\/Group-2.png","width":193,"height":44,"caption":"Vondelmolen"},"image":{"@id":"https:\/\/www.vondelmolen.be\/nl\/#\/schema\/logo\/image\/"},"sameAs":["https:\/\/www.facebook.com\/vondelmolen","https:\/\/www.instagram.com\/vondelmolen\/"]}]}},"_links":{"self":[{"href":"https:\/\/www.vondelmolen.be\/nl\/wp-json\/wp\/v2\/pages\/669","targetHints":{"allow":["GET"]}}],"collection":[{"href":"https:\/\/www.vondelmolen.be\/nl\/wp-json\/wp\/v2\/pages"}],"about":[{"href":"https:\/\/www.vondelmolen.be\/nl\/wp-json\/wp\/v2\/types\/page"}],"author":[{"embeddable":true,"href":"https:\/\/www.vondelmolen.be\/nl\/wp-json\/wp\/v2\/users\/1"}],"replies":[{"embeddable":true,"href":"https:\/\/www.vondelmolen.be\/nl\/wp-json\/wp\/v2\/comments?post=669"}],"version-history":[{"count":4,"href":"https:\/\/www.vondelmolen.be\/nl\/wp-json\/wp\/v2\/pages\/669\/revisions"}],"predecessor-version":[{"id":4996,"href":"https:\/\/www.vondelmolen.be\/nl\/wp-json\/wp\/v2\/pages\/669\/revisions\/4996"}],"wp:attachment":[{"href":"https:\/\/www.vondelmolen.be\/nl\/wp-json\/wp\/v2\/media?parent=669"}],"curies":[{"name":"wp","href":"https:\/\/api.w.org\/{rel}","templated":true}]}}